{"id":4624,"date":"2023-08-31T07:45:10","date_gmt":"2023-08-31T07:45:10","guid":{"rendered":"https:\/\/vestaconsulting.lv\/paslaugos\/nulines-emisijos\/"},"modified":"2023-09-27T19:07:15","modified_gmt":"2023-09-27T19:07:15","slug":"nulines-emisijos","status":"publish","type":"page","link":"https:\/\/vestaconsulting.lv\/lt\/paslaugos\/nulines-emisijos\/","title":{"rendered":"Nulin\u0117s emisijos"},"content":{"rendered":"\t\t<div data-elementor-type=\"wp-page\" data-elementor-id=\"4624\" class=\"elementor elementor-4624 elementor-4608\" data-elementor-post-type=\"page\">\n\t\t\t\t<div class=\"elementor-element elementor-element-9e0a654 e-con-full vesta-top-banner vesta-top-banner-2 e-flex e-con e-parent\" data-id=\"9e0a654\" data-element_type=\"container\" data-settings=\"{&quot;background_background&quot;:&quot;classic&quot;}\">\n\t\t<div class=\"elementor-element elementor-element-f35a7bf e-flex e-con-boxed e-con e-parent\" data-id=\"f35a7bf\" data-element_type=\"container\" data-settings=\"{&quot;background_background&quot;:&quot;classic&quot;,&quot;background_motion_fx_motion_fx_mouse&quot;:&quot;yes&quot;}\">\n\t\t\t\t\t<div class=\"e-con-inner\">\n\t\t\t\t<div class=\"elementor-element elementor-element-48ff464 vesta-breadcrumb elementor-widget elementor-widget-shortcode\" data-id=\"48ff464\" data-element_type=\"widget\" data-widget_type=\"shortcode.default\">\n\t\t\t\t<div class=\"elementor-widget-container\">\n\t\t\t\t\t<div class=\"elementor-shortcode\">\n          <div class=\"site-breadcrumb\"><ul><li class=\"breadcrumb-item\"><a href=\"https:\/\/vestaconsulting.lv\/lt\/\"><i class=\"icon-house\"><\/i><\/a><\/li><\/ul><\/div>\n        <\/div>\n\t\t\t\t<\/div>\n\t\t\t\t<\/div>\n\t\t<div class=\"elementor-element elementor-element-1e23ff9 e-con-full e-flex e-con e-parent\" data-id=\"1e23ff9\" data-element_type=\"container\" data-settings=\"{&quot;position&quot;:&quot;absolute&quot;}\">\n\t\t\t\t<\/div>\n\t\t\t\t\t<\/div>\n\t\t\t\t<\/div>\n\t\t\t\t<\/div>\n\t\t<div class=\"elementor-element elementor-element-100d5f3 e-con-full vesta-service-block e-flex e-con e-parent\" data-id=\"100d5f3\" data-element_type=\"container\">\n\t\t<div class=\"elementor-element elementor-element-58df48d e-flex e-con-boxed e-con e-parent\" data-id=\"58df48d\" data-element_type=\"container\">\n\t\t\t\t\t<div class=\"e-con-inner\">\n\t\t<div class=\"elementor-element elementor-element-aefdafc e-con-full e-flex e-con e-parent\" data-id=\"aefdafc\" data-element_type=\"container\">\n\t\t<a class=\"elementor-element elementor-element-5e33ff5 e-con-full service-group-containers e-flex e-con e-parent\" data-id=\"5e33ff5\" data-element_type=\"container\" href=\"https:\/\/vestaconsulting.lv\/paslaugos\/nulines-emisijos\/sesd-skaiciavimai-ir-ataskaitu-rengimas\/\">\n\t\t\t\t<div class=\"elementor-element elementor-element-eb37af0 elementor-widget elementor-widget-heading\" data-id=\"eb37af0\" data-element_type=\"widget\" data-widget_type=\"heading.default\">\n\t\t\t\t<div class=\"elementor-widget-container\">\n\t\t\t<style>\/*! elementor - v3.21.0 - 22-05-2024 *\/\n.elementor-heading-title{padding:0;margin:0;line-height:1}.elementor-widget-heading .elementor-heading-title[class*=elementor-size-]>a{color:inherit;font-size:inherit;line-height:inherit}.elementor-widget-heading .elementor-heading-title.elementor-size-small{font-size:15px}.elementor-widget-heading .elementor-heading-title.elementor-size-medium{font-size:19px}.elementor-widget-heading .elementor-heading-title.elementor-size-large{font-size:29px}.elementor-widget-heading .elementor-heading-title.elementor-size-xl{font-size:39px}.elementor-widget-heading .elementor-heading-title.elementor-size-xxl{font-size:59px}<\/style><h1 class=\"elementor-heading-title elementor-size-default\">\u0160ESD skai\u010diavimai ir ataskait\u0173 rengimas<\/h1>\t\t<\/div>\n\t\t\t\t<\/div>\n\t\t<div class=\"elementor-element elementor-element-1643beb e-flex e-con-boxed e-con e-parent\" data-id=\"1643beb\" data-element_type=\"container\" data-settings=\"{&quot;position&quot;:&quot;absolute&quot;}\">\n\t\t\t\t\t<div class=\"e-con-inner\">\n\t\t<div class=\"elementor-element elementor-element-d39d308 e-con-full testing-container-vesta e-flex e-con e-parent\" data-id=\"d39d308\" data-element_type=\"container\">\n\t\t\t\t<div class=\"elementor-element elementor-element-d55b2fd elementor-widget elementor-widget-text-editor\" data-id=\"d55b2fd\" data-element_type=\"widget\" data-widget_type=\"text-editor.default\">\n\t\t\t\t<div class=\"elementor-widget-container\">\n\t\t\t<style>\/*! elementor - v3.21.0 - 22-05-2024 *\/\n.elementor-widget-text-editor.elementor-drop-cap-view-stacked .elementor-drop-cap{background-color:#69727d;color:#fff}.elementor-widget-text-editor.elementor-drop-cap-view-framed .elementor-drop-cap{color:#69727d;border:3px solid;background-color:transparent}.elementor-widget-text-editor:not(.elementor-drop-cap-view-default) .elementor-drop-cap{margin-top:8px}.elementor-widget-text-editor:not(.elementor-drop-cap-view-default) .elementor-drop-cap-letter{width:1em;height:1em}.elementor-widget-text-editor .elementor-drop-cap{float:left;text-align:center;line-height:1;font-size:50px}.elementor-widget-text-editor .elementor-drop-cap-letter{display:inline-block}<\/style>\t\t\t\t<p>DAUGIAU<\/p>\t\t\t\t\t\t<\/div>\n\t\t\t\t<\/div>\n\t\t\t\t<div class=\"elementor-element elementor-element-349ee66 elementor-view-default elementor-widget elementor-widget-icon\" data-id=\"349ee66\" data-element_type=\"widget\" data-widget_type=\"icon.default\">\n\t\t\t\t<div class=\"elementor-widget-container\">\n\t\t\t\t\t<div class=\"elementor-icon-wrapper\">\n\t\t\t<div class=\"elementor-icon\">\n\t\t\t<i aria-hidden=\"true\" class=\"iconnew-vesta icon-new-vestaarrow-long-right\"><\/i>\t\t\t<\/div>\n\t\t<\/div>\n\t\t\t\t<\/div>\n\t\t\t\t<\/div>\n\t\t\t\t<\/div>\n\t\t\t\t\t<\/div>\n\t\t\t\t<\/div>\n\t\t\t\t<\/a>\n\t\t<a class=\"elementor-element elementor-element-e227be0 e-con-full service-group-containers e-flex e-con e-parent\" data-id=\"e227be0\" data-element_type=\"container\" href=\"https:\/\/vestaconsulting.lv\/paslaugos\/nulines-emisijos\/nulines-emisijos-klimato-neutralumas\/\">\n\t\t\t\t<div class=\"elementor-element elementor-element-f971e9b elementor-widget elementor-widget-heading\" data-id=\"f971e9b\" data-element_type=\"widget\" data-widget_type=\"heading.default\">\n\t\t\t\t<div class=\"elementor-widget-container\">\n\t\t\t<h1 class=\"elementor-heading-title elementor-size-default\">Nulin\u0117s emisijos | Klimato neutralumas<\/h1>\t\t<\/div>\n\t\t\t\t<\/div>\n\t\t<div class=\"elementor-element elementor-element-c7c4c65 e-flex e-con-boxed e-con e-parent\" data-id=\"c7c4c65\" data-element_type=\"container\" data-settings=\"{&quot;position&quot;:&quot;absolute&quot;}\">\n\t\t\t\t\t<div class=\"e-con-inner\">\n\t\t<div class=\"elementor-element elementor-element-69257aa e-con-full testing-container-vesta e-flex e-con e-parent\" data-id=\"69257aa\" data-element_type=\"container\">\n\t\t\t\t<div class=\"elementor-element elementor-element-e9fa34f elementor-widget elementor-widget-text-editor\" data-id=\"e9fa34f\" data-element_type=\"widget\" data-widget_type=\"text-editor.default\">\n\t\t\t\t<div class=\"elementor-widget-container\">\n\t\t\t\t\t\t\t<p>DAUGIAU<\/p>\t\t\t\t\t\t<\/div>\n\t\t\t\t<\/div>\n\t\t\t\t<div class=\"elementor-element elementor-element-01482f0 elementor-view-default elementor-widget elementor-widget-icon\" data-id=\"01482f0\" data-element_type=\"widget\" data-widget_type=\"icon.default\">\n\t\t\t\t<div class=\"elementor-widget-container\">\n\t\t\t\t\t<div class=\"elementor-icon-wrapper\">\n\t\t\t<div class=\"elementor-icon\">\n\t\t\t<i aria-hidden=\"true\" class=\"iconnew-vesta icon-new-vestaarrow-long-right\"><\/i>\t\t\t<\/div>\n\t\t<\/div>\n\t\t\t\t<\/div>\n\t\t\t\t<\/div>\n\t\t\t\t<\/div>\n\t\t\t\t\t<\/div>\n\t\t\t\t<\/div>\n\t\t\t\t<\/a>\n\t\t\t\t<\/div>\n\t\t\t\t\t<\/div>\n\t\t\t\t<\/div>\n\t\t\t\t<\/div>\n\t\t<div class=\"elementor-element elementor-element-39e41fb e-flex e-con-boxed e-con e-parent\" data-id=\"39e41fb\" data-element_type=\"container\">\n\t\t\t\t\t<div class=\"e-con-inner\">\n\t\t\t\t\t<\/div>\n\t\t\t\t<\/div>\n\t\t<div class=\"elementor-element elementor-element-96d34fd testimonials-container e-flex e-con-boxed e-con e-parent\" data-id=\"96d34fd\" data-element_type=\"container\">\n\t\t\t\t\t<div class=\"e-con-inner\">\n\t\t\t\t<div class=\"elementor-element elementor-element-d17c4a3 elementor-widget elementor-widget-heading\" data-id=\"d17c4a3\" data-element_type=\"widget\" data-widget_type=\"heading.default\">\n\t\t\t\t<div class=\"elementor-widget-container\">\n\t\t\t<h1 class=\"elementor-heading-title elementor-size-default\">What our clients say<\/h1>\t\t<\/div>\n\t\t\t\t<\/div>\n\t\t<div class=\"elementor-element elementor-element-c6f5a81 e-con-full e-flex e-con e-parent\" data-id=\"c6f5a81\" data-element_type=\"container\">\n\t\t\t\t<div class=\"elementor-element elementor-element-9520203 elementor-view-default elementor-widget elementor-widget-icon\" data-id=\"9520203\" data-element_type=\"widget\" data-widget_type=\"icon.default\">\n\t\t\t\t<div class=\"elementor-widget-container\">\n\t\t\t\t\t<div class=\"elementor-icon-wrapper\">\n\t\t\t<div class=\"elementor-icon\">\n\t\t\t<i aria-hidden=\"true\" class=\"iconnew-vesta icon-new-vestabubble-vesta\"><\/i>\t\t\t<\/div>\n\t\t<\/div>\n\t\t\t\t<\/div>\n\t\t\t\t<\/div>\n\t\t\t\t<div class=\"elementor-element elementor-element-277df96 elementor-view-default elementor-widget elementor-widget-icon\" data-id=\"277df96\" data-element_type=\"widget\" data-widget_type=\"icon.default\">\n\t\t\t\t<div class=\"elementor-widget-container\">\n\t\t\t\t\t<div class=\"elementor-icon-wrapper\">\n\t\t\t<div class=\"elementor-icon\">\n\t\t\t<i aria-hidden=\"true\" class=\"iconnew-vesta icon-new-vestabubble-vesta\"><\/i>\t\t\t<\/div>\n\t\t<\/div>\n\t\t\t\t<\/div>\n\t\t\t\t<\/div>\n\t\t\t\t<\/div>\n\t\t\t\t<div class=\"elementor-element elementor-element-7744bd0 elementor-testimonial--layout-image_above elementor-testimonial--skin-default elementor-testimonial--align-center elementor-arrows-yes elementor-widget elementor-widget-testimonial-carousel\" data-id=\"7744bd0\" data-element_type=\"widget\" data-settings=\"{&quot;show_arrows&quot;:&quot;yes&quot;,&quot;speed&quot;:500,&quot;loop&quot;:&quot;yes&quot;,&quot;space_between&quot;:{&quot;unit&quot;:&quot;px&quot;,&quot;size&quot;:10,&quot;sizes&quot;:[]},&quot;space_between_tablet&quot;:{&quot;unit&quot;:&quot;px&quot;,&quot;size&quot;:10,&quot;sizes&quot;:[]},&quot;space_between_mobile&quot;:{&quot;unit&quot;:&quot;px&quot;,&quot;size&quot;:10,&quot;sizes&quot;:[]}}\" data-widget_type=\"testimonial-carousel.default\">\n\t\t\t\t<div class=\"elementor-widget-container\">\n\t\t\t<link rel=\"stylesheet\" href=\"https:\/\/vestaconsulting.lv\/wp-content\/plugins\/pro-elements\/assets\/css\/widget-carousel.min.css\">\t\t<div class=\"elementor-swiper\">\n\t\t\t<div class=\"elementor-main-swiper swiper\">\n\t\t\t\t<div class=\"swiper-wrapper\">\n\t\t\t\t\t\t\t\t\t\t\t<div class=\"swiper-slide\">\n\t\t\t\t\t\t\t\t\t<div class=\"elementor-testimonial\">\n\t\t\t\t\t\t\t<div class=\"elementor-testimonial__content\">\n\t\t\t\t\t<div class=\"elementor-testimonial__text\">\n\t\t\t\t\t\t<p>Vesta Consulting is a game-changer. This is an amazing service and it has saved me and my business so much time. I plan to use Vesta Consulting for a long time to come. Lorem ipsum dolor sit amet, consectetur adipiscing elit. Integer nec eleifend tortor. Cras vel metus eros. Sed facilisis eu lacus tempus posuere. Nunc eu sodales quam, interdum sodales eros.<\/p>\n\t\t\t\t\t<\/div>\n\t\t\t\t\t<cite class=\"elementor-testimonial__cite\"><span class=\"elementor-testimonial__name\">John Smith<\/span><span class=\"elementor-testimonial__title\">Big company Inc.<\/span><\/cite>\t\t\t\t<\/div>\n\t\t\t\t\t\t<div class=\"elementor-testimonial__footer\">\n\t\t\t\t\t\t\t\t\t\t\t<\/div>\n\t\t<\/div>\n\t\t\t\t\t\t\t\t<\/div>\n\t\t\t\t\t\t\t\t\t\t\t<div class=\"swiper-slide\">\n\t\t\t\t\t\t\t\t\t<div class=\"elementor-testimonial\">\n\t\t\t\t\t\t\t<div class=\"elementor-testimonial__content\">\n\t\t\t\t\t<div class=\"elementor-testimonial__text\">\n\t\t\t\t\t\t<p>Lorem ipsum dolor sit amet, consectetur adipiscing elit. Ut elit tellus, luctus nec ullamcorper mattis, pulvinar dapibus leo.<\/p>\n\t\t\t\t\t<\/div>\n\t\t\t\t\t<cite class=\"elementor-testimonial__cite\"><span class=\"elementor-testimonial__name\">John Doe<\/span><span class=\"elementor-testimonial__title\">CEO<\/span><\/cite>\t\t\t\t<\/div>\n\t\t\t\t\t\t<div class=\"elementor-testimonial__footer\">\n\t\t\t\t\t\t\t\t\t\t\t<\/div>\n\t\t<\/div>\n\t\t\t\t\t\t\t\t<\/div>\n\t\t\t\t\t\t\t\t\t\t\t<div class=\"swiper-slide\">\n\t\t\t\t\t\t\t\t\t<div class=\"elementor-testimonial\">\n\t\t\t\t\t\t\t<div class=\"elementor-testimonial__content\">\n\t\t\t\t\t<div class=\"elementor-testimonial__text\">\n\t\t\t\t\t\t<p>Lorem ipsum dolor sit amet, consectetur adipiscing elit. Ut elit tellus, luctus nec ullamcorper mattis, pulvinar dapibus leo.<\/p>\n\t\t\t\t\t<\/div>\n\t\t\t\t\t<cite class=\"elementor-testimonial__cite\"><span class=\"elementor-testimonial__name\">John Doe<\/span><span class=\"elementor-testimonial__title\">CEO<\/span><\/cite>\t\t\t\t<\/div>\n\t\t\t\t\t\t<div class=\"elementor-testimonial__footer\">\n\t\t\t\t\t\t\t\t\t\t\t<\/div>\n\t\t<\/div>\n\t\t\t\t\t\t\t\t<\/div>\n\t\t\t\t\t\t\t\t\t<\/div>\n\t\t\t\t\t\t\t\t\t\t\t\t\t\t\t\t\t\t\t\t<div class=\"elementor-swiper-button elementor-swiper-button-prev\" role=\"button\" tabindex=\"0\">\n\t\t\t\t\t\t\t<svg aria-hidden=\"true\" class=\"e-font-icon-svg e-eicon-chevron-left\" viewBox=\"0 0 1000 1000\" xmlns=\"http:\/\/www.w3.org\/2000\/svg\"><path d=\"M646 125C629 125 613 133 604 142L308 442C296 454 292 471 292 487 292 504 296 521 308 533L604 854C617 867 629 875 646 875 663 875 679 871 692 858 704 846 713 829 713 812 713 796 708 779 692 767L438 487 692 225C700 217 708 204 708 187 708 171 704 154 692 142 675 129 663 125 646 125Z\"><\/path><\/svg>\t\t\t\t\t\t\t<span class=\"elementor-screen-only\">Previous<\/span>\n\t\t\t\t\t\t<\/div>\n\t\t\t\t\t\t<div class=\"elementor-swiper-button elementor-swiper-button-next\" role=\"button\" tabindex=\"0\">\n\t\t\t\t\t\t\t<svg aria-hidden=\"true\" class=\"e-font-icon-svg e-eicon-chevron-right\" viewBox=\"0 0 1000 1000\" xmlns=\"http:\/\/www.w3.org\/2000\/svg\"><path d=\"M696 533C708 521 713 504 713 487 713 471 708 454 696 446L400 146C388 133 375 125 354 125 338 125 325 129 313 142 300 154 292 171 292 187 292 204 296 221 308 233L563 492 304 771C292 783 288 800 288 817 288 833 296 850 308 863 321 871 338 875 354 875 371 875 388 867 400 854L696 533Z\"><\/path><\/svg>\t\t\t\t\t\t\t<span class=\"elementor-screen-only\">Next<\/span>\n\t\t\t\t\t\t<\/div>\n\t\t\t\t\t\t\t\t\t\t\t\t<\/div>\n\t\t<\/div>\n\t\t\t\t<\/div>\n\t\t\t\t<\/div>\n\t\t\t\t\t<\/div>\n\t\t\t\t<\/div>\n\t\t<div class=\"elementor-element elementor-element-70c9869 e-flex e-con-boxed e-con e-parent\" data-id=\"70c9869\" data-element_type=\"container\">\n\t\t\t\t\t<div class=\"e-con-inner\">\n\t\t\t\t\t<\/div>\n\t\t\t\t<\/div>\n\t\t\t\t<\/div>\n\t\t","protected":false},"excerpt":{"rendered":"<p>\u0160ESD skai\u010diavimai ir ataskait\u0173 rengimas DAUGIAU Nulin\u0117s emisijos | Klimato neutralumas DAUGIAU What our clients say Vesta Consulting is a game-changer. This is an amazing service and it has saved me and my business so much time. I plan to use Vesta Consulting for a long time to come. Lorem ipsum dolor sit amet, consectetur [&hellip;]<\/p>\n","protected":false},"author":1,"featured_media":0,"parent":62,"menu_order":0,"comment_status":"closed","ping_status":"closed","template":"","meta":{"_acf_changed":false,"footnotes":""},"class_list":["post-4624","page","type-page","status-publish","hentry"],"acf":[],"yoast_head":"<!-- This site is optimized with the Yoast SEO plugin v27.2 - https:\/\/yoast.com\/product\/yoast-seo-wordpress\/ -->\n<title>Nulin\u0117s emisijos - vestaconsulting.lv<\/title>\n<meta name=\"description\" content=\"Neutralumo klimato kaitai strategija, efektyviausi\u0173 energijos valdymo priemoni\u0173 parinkimas ir konsultavimas.\" \/>\n<meta name=\"robots\" content=\"index, follow, max-snippet:-1, max-image-preview:large, max-video-preview:-1\" \/>\n<link rel=\"canonical\" href=\"https:\/\/vestaconsulting.lv\/lt\/paslaugos\/nulines-emisijos\/\" \/>\n<meta property=\"og:locale\" content=\"lt_LT\" \/>\n<meta property=\"og:type\" content=\"article\" \/>\n<meta property=\"og:title\" content=\"Nulin\u0117s emisijos - vestaconsulting.lv\" \/>\n<meta property=\"og:description\" content=\"Neutralumo klimato kaitai strategija, efektyviausi\u0173 energijos valdymo priemoni\u0173 parinkimas ir konsultavimas.\" \/>\n<meta property=\"og:url\" content=\"https:\/\/vestaconsulting.lv\/lt\/paslaugos\/nulines-emisijos\/\" \/>\n<meta property=\"og:site_name\" content=\"vestaconsulting.lv\" \/>\n<meta property=\"article:publisher\" content=\"https:\/\/www.facebook.com\/vestaconsulting\" \/>\n<meta property=\"article:modified_time\" content=\"2023-09-27T19:07:15+00:00\" \/>\n<meta name=\"twitter:card\" content=\"summary_large_image\" \/>\n<meta name=\"twitter:label1\" content=\"Est. reading time\" \/>\n\t<meta name=\"twitter:data1\" content=\"2 minut\u0117s\" \/>\n<script type=\"application\/ld+json\" class=\"yoast-schema-graph\">{\"@context\":\"https:\/\/schema.org\",\"@graph\":[{\"@type\":\"WebPage\",\"@id\":\"https:\/\/vestaconsulting.lv\/lt\/paslaugos\/nulines-emisijos\/\",\"url\":\"https:\/\/vestaconsulting.lv\/lt\/paslaugos\/nulines-emisijos\/\",\"name\":\"Nulin\u0117s emisijos - vestaconsulting.lv\",\"isPartOf\":{\"@id\":\"https:\/\/vestaconsulting.lv\/#website\"},\"datePublished\":\"2023-08-31T07:45:10+00:00\",\"dateModified\":\"2023-09-27T19:07:15+00:00\",\"description\":\"Neutralumo klimato kaitai strategija, efektyviausi\u0173 energijos valdymo priemoni\u0173 parinkimas ir konsultavimas.\",\"breadcrumb\":{\"@id\":\"https:\/\/vestaconsulting.lv\/lt\/paslaugos\/nulines-emisijos\/#breadcrumb\"},\"inLanguage\":\"lt-LT\",\"potentialAction\":[{\"@type\":\"ReadAction\",\"target\":[\"https:\/\/vestaconsulting.lv\/lt\/paslaugos\/nulines-emisijos\/\"]}]},{\"@type\":\"BreadcrumbList\",\"@id\":\"https:\/\/vestaconsulting.lv\/lt\/paslaugos\/nulines-emisijos\/#breadcrumb\",\"itemListElement\":[{\"@type\":\"ListItem\",\"position\":1,\"name\":\"Home\",\"item\":\"https:\/\/vestaconsulting.lv\/lt\/\"},{\"@type\":\"ListItem\",\"position\":2,\"name\":\"Paslaugos\",\"item\":\"https:\/\/vestaconsulting.lv\/lt\/paslaugos\/\"},{\"@type\":\"ListItem\",\"position\":3,\"name\":\"Nulin\u0117s emisijos\"}]},{\"@type\":\"WebSite\",\"@id\":\"https:\/\/vestaconsulting.lv\/#website\",\"url\":\"https:\/\/vestaconsulting.lv\/\",\"name\":\"vestaconsulting.lv\",\"description\":\"Mes atkreipiame j\u016bs\u0173 d\u0117mes\u012f \u012f ateit\u012f\",\"publisher\":{\"@id\":\"https:\/\/vestaconsulting.lv\/#organization\"},\"potentialAction\":[{\"@type\":\"SearchAction\",\"target\":{\"@type\":\"EntryPoint\",\"urlTemplate\":\"https:\/\/vestaconsulting.lv\/?s={search_term_string}\"},\"query-input\":{\"@type\":\"PropertyValueSpecification\",\"valueRequired\":true,\"valueName\":\"search_term_string\"}}],\"inLanguage\":\"lt-LT\"},{\"@type\":\"Organization\",\"@id\":\"https:\/\/vestaconsulting.lv\/#organization\",\"name\":\"UAB Vesta Consulting\",\"url\":\"https:\/\/vestaconsulting.lv\/\",\"logo\":{\"@type\":\"ImageObject\",\"inLanguage\":\"lt-LT\",\"@id\":\"https:\/\/vestaconsulting.lv\/#\/schema\/logo\/image\/\",\"url\":\"https:\/\/vestaconsulting.lv\/wp-content\/uploads\/2023\/06\/VESTA_logo_main.png\",\"contentUrl\":\"https:\/\/vestaconsulting.lv\/wp-content\/uploads\/2023\/06\/VESTA_logo_main.png\",\"width\":1353,\"height\":360,\"caption\":\"UAB Vesta Consulting\"},\"image\":{\"@id\":\"https:\/\/vestaconsulting.lv\/#\/schema\/logo\/image\/\"},\"sameAs\":[\"https:\/\/www.facebook.com\/vestaconsulting\"]}]}<\/script>\n<!-- \/ Yoast SEO plugin. -->","yoast_head_json":{"title":"Nulin\u0117s emisijos - vestaconsulting.lv","description":"Neutralumo klimato kaitai strategija, efektyviausi\u0173 energijos valdymo priemoni\u0173 parinkimas ir konsultavimas.","robots":{"index":"index","follow":"follow","max-snippet":"max-snippet:-1","max-image-preview":"max-image-preview:large","max-video-preview":"max-video-preview:-1"},"canonical":"https:\/\/vestaconsulting.lv\/lt\/paslaugos\/nulines-emisijos\/","og_locale":"lt_LT","og_type":"article","og_title":"Nulin\u0117s emisijos - vestaconsulting.lv","og_description":"Neutralumo klimato kaitai strategija, efektyviausi\u0173 energijos valdymo priemoni\u0173 parinkimas ir konsultavimas.","og_url":"https:\/\/vestaconsulting.lv\/lt\/paslaugos\/nulines-emisijos\/","og_site_name":"vestaconsulting.lv","article_publisher":"https:\/\/www.facebook.com\/vestaconsulting","article_modified_time":"2023-09-27T19:07:15+00:00","twitter_card":"summary_large_image","twitter_misc":{"Est. reading time":"2 minut\u0117s"},"schema":{"@context":"https:\/\/schema.org","@graph":[{"@type":"WebPage","@id":"https:\/\/vestaconsulting.lv\/lt\/paslaugos\/nulines-emisijos\/","url":"https:\/\/vestaconsulting.lv\/lt\/paslaugos\/nulines-emisijos\/","name":"Nulin\u0117s emisijos - vestaconsulting.lv","isPartOf":{"@id":"https:\/\/vestaconsulting.lv\/#website"},"datePublished":"2023-08-31T07:45:10+00:00","dateModified":"2023-09-27T19:07:15+00:00","description":"Neutralumo klimato kaitai strategija, efektyviausi\u0173 energijos valdymo priemoni\u0173 parinkimas ir konsultavimas.","breadcrumb":{"@id":"https:\/\/vestaconsulting.lv\/lt\/paslaugos\/nulines-emisijos\/#breadcrumb"},"inLanguage":"lt-LT","potentialAction":[{"@type":"ReadAction","target":["https:\/\/vestaconsulting.lv\/lt\/paslaugos\/nulines-emisijos\/"]}]},{"@type":"BreadcrumbList","@id":"https:\/\/vestaconsulting.lv\/lt\/paslaugos\/nulines-emisijos\/#breadcrumb","itemListElement":[{"@type":"ListItem","position":1,"name":"Home","item":"https:\/\/vestaconsulting.lv\/lt\/"},{"@type":"ListItem","position":2,"name":"Paslaugos","item":"https:\/\/vestaconsulting.lv\/lt\/paslaugos\/"},{"@type":"ListItem","position":3,"name":"Nulin\u0117s emisijos"}]},{"@type":"WebSite","@id":"https:\/\/vestaconsulting.lv\/#website","url":"https:\/\/vestaconsulting.lv\/","name":"vestaconsulting.lv","description":"Mes atkreipiame j\u016bs\u0173 d\u0117mes\u012f \u012f ateit\u012f","publisher":{"@id":"https:\/\/vestaconsulting.lv\/#organization"},"potentialAction":[{"@type":"SearchAction","target":{"@type":"EntryPoint","urlTemplate":"https:\/\/vestaconsulting.lv\/?s={search_term_string}"},"query-input":{"@type":"PropertyValueSpecification","valueRequired":true,"valueName":"search_term_string"}}],"inLanguage":"lt-LT"},{"@type":"Organization","@id":"https:\/\/vestaconsulting.lv\/#organization","name":"UAB Vesta Consulting","url":"https:\/\/vestaconsulting.lv\/","logo":{"@type":"ImageObject","inLanguage":"lt-LT","@id":"https:\/\/vestaconsulting.lv\/#\/schema\/logo\/image\/","url":"https:\/\/vestaconsulting.lv\/wp-content\/uploads\/2023\/06\/VESTA_logo_main.png","contentUrl":"https:\/\/vestaconsulting.lv\/wp-content\/uploads\/2023\/06\/VESTA_logo_main.png","width":1353,"height":360,"caption":"UAB Vesta Consulting"},"image":{"@id":"https:\/\/vestaconsulting.lv\/#\/schema\/logo\/image\/"},"sameAs":["https:\/\/www.facebook.com\/vestaconsulting"]}]}},"_links":{"self":[{"href":"https:\/\/vestaconsulting.lv\/lt\/wp-json\/wp\/v2\/pages\/4624","targetHints":{"allow":["GET"]}}],"collection":[{"href":"https:\/\/vestaconsulting.lv\/lt\/wp-json\/wp\/v2\/pages"}],"about":[{"href":"https:\/\/vestaconsulting.lv\/lt\/wp-json\/wp\/v2\/types\/page"}],"author":[{"embeddable":true,"href":"https:\/\/vestaconsulting.lv\/lt\/wp-json\/wp\/v2\/users\/1"}],"replies":[{"embeddable":true,"href":"https:\/\/vestaconsulting.lv\/lt\/wp-json\/wp\/v2\/comments?post=4624"}],"version-history":[{"count":15,"href":"https:\/\/vestaconsulting.lv\/lt\/wp-json\/wp\/v2\/pages\/4624\/revisions"}],"predecessor-version":[{"id":6979,"href":"https:\/\/vestaconsulting.lv\/lt\/wp-json\/wp\/v2\/pages\/4624\/revisions\/6979"}],"up":[{"embeddable":true,"href":"https:\/\/vestaconsulting.lv\/lt\/wp-json\/wp\/v2\/pages\/62"}],"wp:attachment":[{"href":"https:\/\/vestaconsulting.lv\/lt\/wp-json\/wp\/v2\/media?parent=4624"}],"curies":[{"name":"wp","href":"https:\/\/api.w.org\/{rel}","templated":true}]}}